{"id":704,"date":"2024-09-20T13:35:41","date_gmt":"2024-09-20T13:35:41","guid":{"rendered":"https:\/\/xstore.8theme.com\/elementor3\/plants-store\/?post_type=product&#038;p=704"},"modified":"2026-01-11T11:09:01","modified_gmt":"2026-01-11T11:09:01","slug":"flamingo-flower","status":"publish","type":"product","link":"https:\/\/paradibox.fr\/index.php\/product\/flamingo-flower\/","title":{"rendered":"Rituel Douceur"},"content":{"rendered":"\t\t<div data-elementor-type=\"product-post\" data-elementor-id=\"704\" class=\"elementor elementor-704\" data-elementor-post-type=\"product\">\n\t\t\t\t<div class=\"elementor-element elementor-element-a62d0c3 elementor-hidden-desktop elementor-hidden-tablet elementor-hidden-mobile e-flex e-con-boxed e-con e-parent\" data-id=\"a62d0c3\" data-element_type=\"container\">\n\t\t\t\t\t<div class=\"e-con-inner\">\n\t\t\t\t<div class=\"elementor-element elementor-element-a5c8d81 elementor-widget elementor-widget-heading\" data-id=\"a5c8d81\" data-element_type=\"widget\" data-widget_type=\"heading.default\">\n\t\t\t\t\t<h2 class=\"elementor-heading-title elementor-size-default\">A propos<\/h2>\t\t\t\t<\/div>\n\t\t\t\t\t<\/div>\n\t\t\t\t<\/div>\n\t\t<div class=\"elementor-element elementor-element-a625946 e-flex e-con-boxed e-con e-parent\" data-id=\"a625946\" data-element_type=\"container\">\n\t\t\t\t\t<div class=\"e-con-inner\">\n\t\t<div class=\"elementor-element elementor-element-f33a4b9 e-con-full e-flex e-con e-child\" data-id=\"f33a4b9\" data-element_type=\"container\">\n\t\t\t\t<div class=\"elementor-element elementor-element-c25cae0 elementor-widget elementor-widget-image\" data-id=\"c25cae0\" data-element_type=\"widget\" data-widget_type=\"image.default\">\n\t\t\t\t\t\t\t\t\t\t\t\t\t\t\t<img loading=\"lazy\" loading=\"lazy\" decoding=\"async\" width=\"2560\" height=\"1702\" src=\"https:\/\/paradibox.fr\/wp-content\/uploads\/2025\/12\/DSC_0106_edited-scaled.jpg\" class=\"attachment-full size-full wp-image-1618\" alt=\"\" srcset=\"https:\/\/paradibox.fr\/wp-content\/uploads\/2025\/12\/DSC_0106_edited-scaled.jpg 2560w, https:\/\/paradibox.fr\/wp-content\/uploads\/2025\/12\/DSC_0106_edited-300x199.jpg 300w, https:\/\/paradibox.fr\/wp-content\/uploads\/2025\/12\/DSC_0106_edited-1024x681.jpg 1024w, https:\/\/paradibox.fr\/wp-content\/uploads\/2025\/12\/DSC_0106_edited-768x511.jpg 768w, https:\/\/paradibox.fr\/wp-content\/uploads\/2025\/12\/DSC_0106_edited-1536x1021.jpg 1536w, https:\/\/paradibox.fr\/wp-content\/uploads\/2025\/12\/DSC_0106_edited-2048x1362.jpg 2048w, https:\/\/paradibox.fr\/wp-content\/uploads\/2025\/12\/DSC_0106_edited-1320x878.jpg 1320w, https:\/\/paradibox.fr\/wp-content\/uploads\/2025\/12\/DSC_0106_edited-600x399.jpg 600w, https:\/\/paradibox.fr\/wp-content\/uploads\/2025\/12\/DSC_0106_edited-1x1.jpg 1w, https:\/\/paradibox.fr\/wp-content\/uploads\/2025\/12\/DSC_0106_edited-10x7.jpg 10w\" sizes=\"auto, (max-width: 2560px) 100vw, 2560px\" \/>\t\t\t\t\t\t\t\t\t\t\t\t\t\t\t<\/div>\n\t\t\t\t<\/div>\n\t\t<div class=\"elementor-element elementor-element-ef4b757 e-con-full e-flex e-con e-child\" data-id=\"ef4b757\" data-element_type=\"container\">\n\t\t\t\t<div class=\"elementor-element elementor-element-eacbbe8 elementor-widget__width-initial elementor-widget elementor-widget-text-editor\" data-id=\"eacbbe8\" data-element_type=\"widget\" data-widget_type=\"text-editor.default\">\n\t\t\t\t\t\t\t\t\t<p style=\"text-align: left;\">\u00c0 l\u2019int\u00e9rieur : une bougie pour cr\u00e9er une ambiance apaisante (La senteur de la bougie varie selon les disponibilit\u00e9s) Laissez-vous surprendre! Un th\u00e9 d\u00e9licat \u00e0 la saveur fraise, framboise avec sa boule \u00e0 th\u00e9 pour savourer la pause. Les soins Evoluderm: un gommage visage \u00e0 l\u2019alo\u00e9 vera pour nettoyer votre peau en douceur, suivi d\u2019un masque visage \u00e9galement \u00e0 l\u2019alo\u00e9 vera, un gel douche ou la senteur varie selon les stocks et une cr\u00e8me pour les mains senteur fleur d\u2019oranger pour chouchouter votre peau et vos sens.<\/p><p style=\"text-align: left;\">Nous avons s\u00e9lectionn\u00e9 chaque produit avec soin : fran\u00e7ais, respectueux de la peau et formul\u00e9 avec des ingr\u00e9dients doux et naturels autant que possible. Parce que prendre soin de soi commence par des produits de qualit\u00e9, s\u00fbrs et agr\u00e9ables \u00e0 utiliser, nous voulions que votre box soit une vraie exp\u00e9rience de bien-\u00eatre.<\/p><p style=\"text-align: left;\">\u201cRappelez-vous : vous \u00eates belles, vous m\u00e9ritez pleinement ce moment de douceur! Profitez, d\u00e9tendez-vous et savourez chaque instant\u201d<\/p>\t\t\t\t\t\t\t\t<\/div>\n\t\t\t\t<\/div>\n\t\t\t\t\t<\/div>\n\t\t\t\t<\/div>\n\t\t\t\t<\/div>\n\t\t","protected":false},"excerpt":{"rendered":"<p>Offrez (ou offrez-vous) un instant suspendu avec notre box bien-\u00eatre. Allumez la bougie, laissez infuser le th\u00e9, et prenez le temps de respirer.<\/p>\n","protected":false},"featured_media":1574,"comment_status":"open","ping_status":"closed","template":"","meta":[],"etheme_brands":[],"product_brand":[],"product_cat":[57],"product_tag":[],"class_list":{"0":"post-704","1":"product","2":"type-product","3":"status-publish","4":"has-post-thumbnail","6":"product_cat-box-cadeau","8":"first","9":"instock","10":"shipping-taxable","11":"purchasable","12":"product-type-simple"},"jetpack_sharing_enabled":true,"_links":{"self":[{"href":"https:\/\/paradibox.fr\/index.php\/wp-json\/wp\/v2\/product\/704","targetHints":{"allow":["GET"]}}],"collection":[{"href":"https:\/\/paradibox.fr\/index.php\/wp-json\/wp\/v2\/product"}],"about":[{"href":"https:\/\/paradibox.fr\/index.php\/wp-json\/wp\/v2\/types\/product"}],"replies":[{"embeddable":true,"href":"https:\/\/paradibox.fr\/index.php\/wp-json\/wp\/v2\/comments?post=704"}],"version-history":[{"count":31,"href":"https:\/\/paradibox.fr\/index.php\/wp-json\/wp\/v2\/product\/704\/revisions"}],"predecessor-version":[{"id":1648,"href":"https:\/\/paradibox.fr\/index.php\/wp-json\/wp\/v2\/product\/704\/revisions\/1648"}],"wp:featuredmedia":[{"embeddable":true,"href":"https:\/\/paradibox.fr\/index.php\/wp-json\/wp\/v2\/media\/1574"}],"wp:attachment":[{"href":"https:\/\/paradibox.fr\/index.php\/wp-json\/wp\/v2\/media?parent=704"}],"wp:term":[{"taxonomy":"brand","embeddable":true,"href":"https:\/\/paradibox.fr\/index.php\/wp-json\/wp\/v2\/etheme_brands?post=704"},{"taxonomy":"product_brand","embeddable":true,"href":"https:\/\/paradibox.fr\/index.php\/wp-json\/wp\/v2\/product_brand?post=704"},{"taxonomy":"product_cat","embeddable":true,"href":"https:\/\/paradibox.fr\/index.php\/wp-json\/wp\/v2\/product_cat?post=704"},{"taxonomy":"product_tag","embeddable":true,"href":"https:\/\/paradibox.fr\/index.php\/wp-json\/wp\/v2\/product_tag?post=704"}],"curies":[{"name":"wp","href":"https:\/\/api.w.org\/{rel}","templated":true}]}}